{"id":296,"date":"2018-05-18T05:57:46","date_gmt":"2018-05-18T05:57:46","guid":{"rendered":"https:\/\/vnzrq.beeweb-blue.io\/?page_id=296"},"modified":"2024-12-03T09:51:39","modified_gmt":"2024-12-03T08:51:39","slug":"udalosti","status":"publish","type":"page","link":"https:\/\/metoda-tre.com\/cs\/events\/","title":{"rendered":"Nadch\u00e1zej\u00edc\u00ed akce"},"content":{"rendered":"","protected":false},"excerpt":{"rendered":"","protected":false},"author":2,"featured_media":0,"parent":0,"menu_order":0,"comment_status":"closed","ping_status":"closed","template":"templates\/event.php","meta":{"_themeisle_gutenberg_block_has_review":false,"footnotes":""},"class_list":["post-296","page","type-page","status-publish","hentry","grid-sizer","latest_post"],"_links":{"self":[{"href":"https:\/\/metoda-tre.com\/cs\/wp-json\/wp\/v2\/pages\/296","targetHints":{"allow":["GET"]}}],"collection":[{"href":"https:\/\/metoda-tre.com\/cs\/wp-json\/wp\/v2\/pages"}],"about":[{"href":"https:\/\/metoda-tre.com\/cs\/wp-json\/wp\/v2\/types\/page"}],"author":[{"embeddable":true,"href":"https:\/\/metoda-tre.com\/cs\/wp-json\/wp\/v2\/users\/2"}],"replies":[{"embeddable":true,"href":"https:\/\/metoda-tre.com\/cs\/wp-json\/wp\/v2\/comments?post=296"}],"version-history":[{"count":1,"href":"https:\/\/metoda-tre.com\/cs\/wp-json\/wp\/v2\/pages\/296\/revisions"}],"predecessor-version":[{"id":32493,"href":"https:\/\/metoda-tre.com\/cs\/wp-json\/wp\/v2\/pages\/296\/revisions\/32493"}],"wp:attachment":[{"href":"https:\/\/metoda-tre.com\/cs\/wp-json\/wp\/v2\/media?parent=296"}],"curies":[{"name":"wp","href":"https:\/\/api.w.org\/{rel}","templated":true}]}}