{"id":32537,"date":"2024-12-03T12:33:12","date_gmt":"2024-12-03T11:33:12","guid":{"rendered":"https:\/\/tre-slovakia.sk\/?page_id=32537"},"modified":"2025-08-08T14:45:02","modified_gmt":"2025-08-08T12:45:02","slug":"vlak-v-tre","status":"publish","type":"page","link":"https:\/\/metoda-tre.com\/cs\/train-in-tre\/","title":{"rendered":"TRAIN IN TRE\u00ae"},"content":{"rendered":"<p>Z\u00edsk\u00e1n\u00ed titulu Certifikovan\u00fd poskytovatel TRE\u00ae v\u00e1m umo\u017en\u00ed vyu\u010dovat TRE\u00ae jednotlivce a mal\u00e9 skupiny (a\u017e 8 osob) bezpe\u010dn\u00fdm a podporovan\u00fdm zp\u016fsobem. Certifik\u00e1t o absolvov\u00e1n\u00ed kurzu TRE\u00ae v\u00e1m po \u00fasp\u011b\u0161n\u00e9m spln\u011bn\u00ed po\u017eadavk\u016f vyd\u00e1 spole\u010dnost TRE\u00ae FOR ALL, Inc.<\/p>\n\n\n\n<p>Certifika\u010dn\u00ed program TRE\u00ae je program, kter\u00fd je t\u0159eba absolvovat b\u011bhem 18 m\u011bs\u00edc\u016f od zah\u00e1jen\u00ed procesu a kter\u00fd zahrnuje mimo jin\u00e9 povinn\u00e9 moduly veden\u00e9 u\u010ditelem, samostatnou praxi, p\u00edsemn\u00e9 \u00fakoly, praktickou v\u00fduku s kolegy, praktickou v\u00fduku s dobrovoln\u00edky, p\u0159\u00edpadov\u00e9 studie a povinn\u00e9 supervize. <\/p>\n\n\n\n<p>Program je koncipov\u00e1n tak, aby moduly n\u00e1sledovaly v pokra\u010duj\u00edc\u00edm po\u0159ad\u00ed, ve stejn\u00e9 skupinov\u00e9 formaci. Supervizn\u00ed sezen\u00ed lze absolvovat jak v r\u00e1mci individu\u00e1ln\u00ed supervize, tak ve skupinov\u00e9m uspo\u0159\u00e1d\u00e1n\u00ed.<\/p>\n\n\n\n<p>Ofici\u00e1ln\u00ed minim\u00e1ln\u00ed po\u017eadavky spole\u010dnosti TRE\u00ae FOR ALL, Inc si m\u016f\u017eete st\u00e1hnout zde;<br>(pokud jsou moduly tlumo\u010deny, m\u011bjte pros\u00edm na pam\u011bti, \u017ee je pot\u0159eba v\u00edce \u010dasu na absolvov\u00e1n\u00ed didaktick\u00e9 v\u00fduky, a proto jsou tlumo\u010den\u00e9 moduly o jeden den del\u0161\u00ed).<\/p>\n\n\n\n<div class=\"wp-block-columns is-layout-flex wp-container-core-columns-is-layout-9d6595d7 wp-block-columns-is-layout-flex\">\n<div class=\"wp-block-column is-layout-flow wp-block-column-is-layout-flow\">\n<div data-wp-interactive=\"core\/file\" class=\"wp-block-file\"><object data-wp-bind--hidden=\"!state.hasPdfPreview\" hidden class=\"wp-block-file__embed\" data=\"https:\/\/tre-slovakia.sk\/wp-content\/uploads\/2024\/12\/TFA-GLOBAL-CERTIFICATION-TRAINING-PROGRAM_Nov-2022.pdf\" type=\"application\/pdf\" style=\"width:100%;height:600px\" aria-label=\"Vlo\u017eit z TFA GLOBAL-CERTIFICATION-TRAINING-PROGRAM_Nov 2022.\"><\/object><a id=\"wp-block-file--media-5ade7fde-ecd2-498e-a2e7-007484098850\" href=\"https:\/\/tre-slovakia.sk\/wp-content\/uploads\/2024\/12\/TFA-GLOBAL-CERTIFICATION-TRAINING-PROGRAM_Nov-2022.pdf\">TFA GLOBAL-CERTIFICATION-TRAINING-PROGRAM_Nov 2022<\/a><a href=\"https:\/\/tre-slovakia.sk\/wp-content\/uploads\/2024\/12\/TFA-GLOBAL-CERTIFICATION-TRAINING-PROGRAM_Nov-2022.pdf\" class=\"wp-block-file__button wp-element-button\" download aria-describedby=\"wp-block-file--media-5ade7fde-ecd2-498e-a2e7-007484098850\">St\u00e1hnout<\/a><\/div>\n<\/div>\n\n\n\n<div class=\"wp-block-column is-layout-flow wp-block-column-is-layout-flow\">\n<div data-wp-interactive=\"core\/file\" class=\"wp-block-file\"><object data-wp-bind--hidden=\"!state.hasPdfPreview\" hidden class=\"wp-block-file__embed\" data=\"https:\/\/tre-slovakia.sk\/wp-content\/uploads\/2024\/12\/CZ_TFA-GLOBAL-CERTIFICATION-TRAINING-PROGRAM_Nov-2022.pdf\" type=\"application\/pdf\" style=\"width:100%;height:600px\" aria-label=\"Vlo\u017eit z CZ_TFA GLOBAL-CERTIFICATION-TRAINING-PROGRAM_Nov 2022.\"><\/object><a id=\"wp-block-file--media-48782450-e1bf-48d0-aea9-c4efcf2f96b3\" href=\"https:\/\/tre-slovakia.sk\/wp-content\/uploads\/2024\/12\/CZ_TFA-GLOBAL-CERTIFICATION-TRAINING-PROGRAM_Nov-2022.pdf\">CZ_TFA GLOBAL-CERTIFICATION-TRAINING-PROGRAM_Nov 2022<\/a><a href=\"https:\/\/tre-slovakia.sk\/wp-content\/uploads\/2024\/12\/CZ_TFA-GLOBAL-CERTIFICATION-TRAINING-PROGRAM_Nov-2022.pdf\" class=\"wp-block-file__button wp-element-button\" download aria-describedby=\"wp-block-file--media-48782450-e1bf-48d0-aea9-c4efcf2f96b3\">St\u00e1hnout<\/a><\/div>\n<\/div>\n<\/div>\n\n\n\n<div class=\"wp-block-columns is-layout-flex wp-container-core-columns-is-layout-9d6595d7 wp-block-columns-is-layout-flex\">\n<div class=\"wp-block-column is-layout-flow wp-block-column-is-layout-flow\">\n<figure class=\"wp-block-image size-full\"><img loading=\"lazy\" decoding=\"async\" width=\"960\" height=\"720\" src=\"https:\/\/tre-slovakia.sk\/wp-content\/uploads\/2024\/12\/3-x-2-Day-Modules.jpg\" alt=\"\" class=\"wp-image-32591\" srcset=\"https:\/\/metoda-tre.com\/wp-content\/uploads\/2024\/12\/3-x-2-Day-Modules.jpg 960w, https:\/\/metoda-tre.com\/wp-content\/uploads\/2024\/12\/3-x-2-Day-Modules-300x225.jpg 300w, https:\/\/metoda-tre.com\/wp-content\/uploads\/2024\/12\/3-x-2-Day-Modules-768x576.jpg 768w, https:\/\/metoda-tre.com\/wp-content\/uploads\/2024\/12\/3-x-2-Day-Modules-16x12.jpg 16w\" sizes=\"auto, (max-width: 960px) 100vw, 960px\" \/><figcaption class=\"wp-element-caption\">Osnova certifika\u010dn\u00edho programu TRE\u00ae 3 x 2denn\u00ed moduly<\/figcaption><\/figure>\n<\/div>\n\n\n<\/div>\n\n\n\n<p><\/p>","protected":false},"excerpt":{"rendered":"<p>Becoming a Certified TRE\u00ae Provider enables you to teach TRE\u00ae to individuals and small groups (up to 8 people) in a safe and supported manner. The TRE\u00ae Certificate of Completion after successfully meeting the requirements, will be issued from TRE\u00ae FOR ALL, Inc. The TRE\u00ae Certification Program is a program to be taken within 18 &hellip; <\/p>","protected":false},"author":2,"featured_media":32540,"parent":0,"menu_order":0,"comment_status":"closed","ping_status":"closed","template":"","meta":{"_themeisle_gutenberg_block_has_review":false,"footnotes":""},"class_list":["post-32537","page","type-page","status-publish","has-post-thumbnail","hentry","grid-sizer","latest_post"],"_links":{"self":[{"href":"https:\/\/metoda-tre.com\/cs\/wp-json\/wp\/v2\/pages\/32537","targetHints":{"allow":["GET"]}}],"collection":[{"href":"https:\/\/metoda-tre.com\/cs\/wp-json\/wp\/v2\/pages"}],"about":[{"href":"https:\/\/metoda-tre.com\/cs\/wp-json\/wp\/v2\/types\/page"}],"author":[{"embeddable":true,"href":"https:\/\/metoda-tre.com\/cs\/wp-json\/wp\/v2\/users\/2"}],"replies":[{"embeddable":true,"href":"https:\/\/metoda-tre.com\/cs\/wp-json\/wp\/v2\/comments?post=32537"}],"version-history":[{"count":6,"href":"https:\/\/metoda-tre.com\/cs\/wp-json\/wp\/v2\/pages\/32537\/revisions"}],"predecessor-version":[{"id":32604,"href":"https:\/\/metoda-tre.com\/cs\/wp-json\/wp\/v2\/pages\/32537\/revisions\/32604"}],"wp:featuredmedia":[{"embeddable":true,"href":"https:\/\/metoda-tre.com\/cs\/wp-json\/wp\/v2\/media\/32540"}],"wp:attachment":[{"href":"https:\/\/metoda-tre.com\/cs\/wp-json\/wp\/v2\/media?parent=32537"}],"curies":[{"name":"wp","href":"https:\/\/api.w.org\/{rel}","templated":true}]}}