{"id":32435,"date":"2024-12-03T09:58:30","date_gmt":"2024-12-03T08:58:30","guid":{"rendered":"https:\/\/tre-slovakia.sk\/?page_id=32435"},"modified":"2024-12-03T09:58:31","modified_gmt":"2024-12-03T08:58:31","slug":"zakladatel-david-berceli-ph-d","status":"publish","type":"page","link":"https:\/\/metoda-tre.com\/sk\/founder-david-berceli-ph-d\/","title":{"rendered":"Zakladate\u013e, David Berceli, Ph.D."},"content":{"rendered":"<p>David Berceli, Ph.D., je medzin\u00e1rodn\u00fd odborn\u00edk v oblasti kr\u00edzovej intervencie pri traumatick\u00fdch udalostiach a rie\u0161en\u00ed konfliktov. Je tvorcom cvi\u010den\u00ed na uvo\u013enenie nap\u00e4tia a traumy (TRE\u00ae). T\u00e1to revolu\u010dn\u00e1 technika je navrhnut\u00e1 tak, aby pomohla uvo\u013eni\u0165 hlbok\u00e9 nap\u00e4tie, ktor\u00e9 vzniklo v tele po\u010das traumatick\u00e9ho z\u00e1\u017eitku alebo v d\u00f4sledku chronick\u00e9ho stresu. Je tie\u017e energick\u00fdm a kreat\u00edvnym zakladate\u013eom a gener\u00e1lnym riadite\u013eom spolo\u010dnosti Trauma Recovery Services.<\/p>\n\n\n\n<p>David str\u00e1vil dve desa\u0165ro\u010dia svojho \u017eivota pr\u00e1cou v deviatich r\u00f4znych krajin\u00e1ch, kde viedol semin\u00e1re so zameran\u00edm na zmiernenie n\u00e1sledkov traumy. Okrem toho navrhoval programy obnovy pre medzin\u00e1rodn\u00e9 organiz\u00e1cie na celom svete. \u017dil a pracoval v Izraeli\/Palest\u00edne, Sud\u00e1ne, Ugande, Keni, Jemene, Egypte a Libanone. Hovor\u00ed plynule anglicky a arabsky.<\/p>\n\n\n\n<p>David je jedine\u010dn\u00fd t\u00fdm, \u017ee m\u00e1 hlbok\u00e9 akademick\u00e9 poznatky v oblasti psychoterapie a tie\u017e praktick\u00e9 sk\u00fasenosti z terapeutickej pr\u00e1ce s telom. Tieto poznatky sp\u00e1ja s komplexn\u00fdm pochopen\u00edm dynamiky toho, ako sa prel\u00ednanj\u00fa n\u00e1bo\u017eenstvo a etnick\u00e9 zvyklosti. T\u00e1to kombin\u00e1cia mu umo\u017enila vyvin\u00fa\u0165 jedine\u010dn\u00e9 a \u0161pecifick\u00e9 postupy, ktor\u00e9 umo\u017e\u0148uj\u00fa \u013eu\u010fom zo v\u0161etk\u00fdch \u010dast\u00ed sveta zvl\u00e1dnu\u0165 a prekona\u0165 osobn\u00fa traumu, ako aj prinies\u0165 uzdravenie a zmierenie medzi odli\u0161n\u00fdmi skupinami.<\/p>\n\n\n<div class=\"wp-block-image\">\n<figure class=\"aligncenter size-large\"><img decoding=\"async\" src=\"https:\/\/tre-online.com\/wp-content\/uploads\/2020\/03\/TRE-25-200x288.jpg\" alt=\"\"\/><figcaption class=\"wp-element-caption\">David Berceli, Ph.D.<\/figcaption><\/figure>\n<\/div>\n\n\n<p><\/p>","protected":false},"excerpt":{"rendered":"<p>David Berceli, PhD., je medzin\u00e1rodn\u00fd odborn\u00edk v oblasti intervencie pri traume a rie\u0161enia konfliktov. Je tvorcom cvi\u010den\u00ed na uvo\u013enenie nap\u00e4tia a traumy (TRE\u00ae). T\u00e1to revolu\u010dn\u00e1 technika je navrhnut\u00e1 tak, aby pomohla uvo\u013eni\u0165 hlbok\u00e9 nap\u00e4tie, ktor\u00e9 vzniklo v tele po\u010das traumatick\u00e9ho z\u00e1\u017eitku alebo v d\u00f4sledku chronick\u00e9ho stresu. Je tie\u017e energetick\u00fdm ... <\/p>","protected":false},"author":2,"featured_media":0,"parent":0,"menu_order":0,"comment_status":"closed","ping_status":"closed","template":"","meta":{"_themeisle_gutenberg_block_has_review":false,"footnotes":""},"class_list":["post-32435","page","type-page","status-publish","hentry","grid-sizer","latest_post"],"_links":{"self":[{"href":"https:\/\/metoda-tre.com\/sk\/wp-json\/wp\/v2\/pages\/32435","targetHints":{"allow":["GET"]}}],"collection":[{"href":"https:\/\/metoda-tre.com\/sk\/wp-json\/wp\/v2\/pages"}],"about":[{"href":"https:\/\/metoda-tre.com\/sk\/wp-json\/wp\/v2\/types\/page"}],"author":[{"embeddable":true,"href":"https:\/\/metoda-tre.com\/sk\/wp-json\/wp\/v2\/users\/2"}],"replies":[{"embeddable":true,"href":"https:\/\/metoda-tre.com\/sk\/wp-json\/wp\/v2\/comments?post=32435"}],"version-history":[{"count":4,"href":"https:\/\/metoda-tre.com\/sk\/wp-json\/wp\/v2\/pages\/32435\/revisions"}],"predecessor-version":[{"id":32497,"href":"https:\/\/metoda-tre.com\/sk\/wp-json\/wp\/v2\/pages\/32435\/revisions\/32497"}],"wp:attachment":[{"href":"https:\/\/metoda-tre.com\/sk\/wp-json\/wp\/v2\/media?parent=32435"}],"curies":[{"name":"wp","href":"https:\/\/api.w.org\/{rel}","templated":true}]}}