{"id":32537,"date":"2024-12-03T12:33:12","date_gmt":"2024-12-03T11:33:12","guid":{"rendered":"https:\/\/tre-slovakia.sk\/?page_id=32537"},"modified":"2025-08-08T14:45:02","modified_gmt":"2025-08-08T12:45:02","slug":"vlak-v-tre","status":"publish","type":"page","link":"https:\/\/metoda-tre.com\/sk\/train-in-tre\/","title":{"rendered":"CERTIFIK\u00c1CIA TRE\u00ae"},"content":{"rendered":"<p>Z\u00edskanie titulu Certifikovan\u00fd poskytovate\u013e TRE\u00ae v\u00e1m umo\u017en\u00ed vyu\u010dova\u0165 TRE\u00ae pre jednotlivcov aj pre mal\u00e9 skupiny (do 8 os\u00f4b) bezpe\u010dn\u00fdm a podporn\u00fdm sp\u00f4sobom. Certifik\u00e1t o absolvovan\u00ed TRE\u00ae v\u00e1m po \u00faspe\u0161nom splnen\u00ed po\u017eiadaviek vyd\u00e1 spolo\u010dnos\u0165 TRE\u00ae FOR ALL, Inc.<\/p>\n\n\n\n<p>Certifika\u010dn\u00fd program TRE\u00ae je program, ktor\u00fd je potrebn\u00e9 absolvova\u0165 do 18 mesiacov od jeho za\u010diatku, vr\u00e1tane povinn\u00fdch modulov veden\u00fdch u\u010dite\u013eom, samostatnej praxe, p\u00edsomn\u00fdch \u00faloh, praktick\u00e9ho vyu\u010dovania s kolegami, praktick\u00e9ho vyu\u010dovania s dobrovo\u013en\u00edkmi, pr\u00edpadov\u00fdch \u0161t\u00fadi\u00ed, povinn\u00fdch superv\u00edzi\u00ed a \u010fal\u0161\u00edch po\u017eiadaviek. <\/p>\n\n\n\n<p>Program je navrhnut\u00fd tak, aby sa moduly absolvovali v nadv\u00e4zuj\u00facom porad\u00ed, v rovnakom zlo\u017een\u00ed skupiny. Superv\u00edzne sedenia mo\u017eno absolvova\u0165 prostredn\u00edctvom individu\u00e1lnej superv\u00edzie a\/alebo v skupinovom prostred\u00ed.<\/p>\n\n\n\n<p>Ofici\u00e1lne minim\u00e1lne po\u017eiadavky spolo\u010dnosti TRE\u00ae FOR ALL, Inc si m\u00f4\u017eete stiahnu\u0165 tu;<br>(ak s\u00fa moduly tlmo\u010den\u00e9, majte na pam\u00e4ti, \u017ee na absolvovanie didaktickej v\u00fdu\u010dby je potrebn\u00fd dlh\u0161\u00ed \u010das, a preto s\u00fa tlmo\u010den\u00e9 moduly o jeden de\u0148 dlh\u0161ie).<\/p>\n\n\n\n<div class=\"wp-block-columns is-layout-flex wp-container-core-columns-is-layout-9d6595d7 wp-block-columns-is-layout-flex\">\n<div class=\"wp-block-column is-layout-flow wp-block-column-is-layout-flow\">\n<div data-wp-interactive=\"core\/file\" class=\"wp-block-file\"><object data-wp-bind--hidden=\"!state.hasPdfPreview\" hidden class=\"wp-block-file__embed\" data=\"https:\/\/tre-slovakia.sk\/wp-content\/uploads\/2024\/12\/TFA-GLOBAL-CERTIFICATION-TRAINING-PROGRAM_Nov-2022.pdf\" type=\"application\/pdf\" style=\"width:100%;height:600px\" aria-label=\"Vlo\u017ei\u0165 TFA GLOBAL-CERTIFICATION-TRAINING-PROGRAM_Nov 2022.\"><\/object><a id=\"wp-block-file--media-5ade7fde-ecd2-498e-a2e7-007484098850\" href=\"https:\/\/tre-slovakia.sk\/wp-content\/uploads\/2024\/12\/TFA-GLOBAL-CERTIFICATION-TRAINING-PROGRAM_Nov-2022.pdf\">TFA GLOBAL-CERTIFICATION-TRAINING-PROGRAM_Nov 2022<\/a><a href=\"https:\/\/tre-slovakia.sk\/wp-content\/uploads\/2024\/12\/TFA-GLOBAL-CERTIFICATION-TRAINING-PROGRAM_Nov-2022.pdf\" class=\"wp-block-file__button wp-element-button\" download aria-describedby=\"wp-block-file--media-5ade7fde-ecd2-498e-a2e7-007484098850\">Stiahnite si<\/a><\/div>\n<\/div>\n\n\n\n<div class=\"wp-block-column is-layout-flow wp-block-column-is-layout-flow\">\n<div data-wp-interactive=\"core\/file\" class=\"wp-block-file\"><object data-wp-bind--hidden=\"!state.hasPdfPreview\" hidden class=\"wp-block-file__embed\" data=\"https:\/\/tre-slovakia.sk\/wp-content\/uploads\/2024\/12\/CZ_TFA-GLOBAL-CERTIFICATION-TRAINING-PROGRAM_Nov-2022.pdf\" type=\"application\/pdf\" style=\"width:100%;height:600px\" aria-label=\"Vlo\u017ei\u0165 CZ_TFA GLOBAL-CERTIFICATION-TRAINING-PROGRAM_Nov 2022.\"><\/object><a id=\"wp-block-file--media-48782450-e1bf-48d0-aea9-c4efcf2f96b3\" href=\"https:\/\/tre-slovakia.sk\/wp-content\/uploads\/2024\/12\/CZ_TFA-GLOBAL-CERTIFICATION-TRAINING-PROGRAM_Nov-2022.pdf\">CZ_TFA GLOBAL-CERTIFICATION-TRAINING-PROGRAM_Nov 2022<\/a><a href=\"https:\/\/tre-slovakia.sk\/wp-content\/uploads\/2024\/12\/CZ_TFA-GLOBAL-CERTIFICATION-TRAINING-PROGRAM_Nov-2022.pdf\" class=\"wp-block-file__button wp-element-button\" download aria-describedby=\"wp-block-file--media-48782450-e1bf-48d0-aea9-c4efcf2f96b3\">Stiahnite si<\/a><\/div>\n<\/div>\n<\/div>\n\n\n\n<div class=\"wp-block-columns is-layout-flex wp-container-core-columns-is-layout-9d6595d7 wp-block-columns-is-layout-flex\">\n<div class=\"wp-block-column is-layout-flow wp-block-column-is-layout-flow\">\n<figure class=\"wp-block-image size-full\"><img loading=\"lazy\" decoding=\"async\" width=\"960\" height=\"720\" src=\"https:\/\/tre-slovakia.sk\/wp-content\/uploads\/2024\/12\/3-x-2-Day-Modules.jpg\" alt=\"\" class=\"wp-image-32591\" srcset=\"https:\/\/metoda-tre.com\/wp-content\/uploads\/2024\/12\/3-x-2-Day-Modules.jpg 960w, https:\/\/metoda-tre.com\/wp-content\/uploads\/2024\/12\/3-x-2-Day-Modules-300x225.jpg 300w, https:\/\/metoda-tre.com\/wp-content\/uploads\/2024\/12\/3-x-2-Day-Modules-768x576.jpg 768w, https:\/\/metoda-tre.com\/wp-content\/uploads\/2024\/12\/3-x-2-Day-Modules-16x12.jpg 16w\" sizes=\"auto, (max-width: 960px) 100vw, 960px\" \/><figcaption class=\"wp-element-caption\">Osnova certifika\u010dn\u00e9ho programu TRE\u00ae 3 x 2 dni<\/figcaption><\/figure>\n<\/div>\n\n\n<\/div>\n\n\n\n<p><\/p>","protected":false},"excerpt":{"rendered":"<p>Becoming a Certified TRE\u00ae Provider enables you to teach TRE\u00ae to individuals and small groups (up to 8 people) in a safe and supported manner. The TRE\u00ae Certificate of Completion after successfully meeting the requirements, will be issued from TRE\u00ae FOR ALL, Inc. The TRE\u00ae Certification Program is a program to be taken within 18 &hellip; <\/p>","protected":false},"author":2,"featured_media":32540,"parent":0,"menu_order":0,"comment_status":"closed","ping_status":"closed","template":"","meta":{"_themeisle_gutenberg_block_has_review":false,"footnotes":""},"class_list":["post-32537","page","type-page","status-publish","has-post-thumbnail","hentry","grid-sizer","latest_post"],"_links":{"self":[{"href":"https:\/\/metoda-tre.com\/sk\/wp-json\/wp\/v2\/pages\/32537","targetHints":{"allow":["GET"]}}],"collection":[{"href":"https:\/\/metoda-tre.com\/sk\/wp-json\/wp\/v2\/pages"}],"about":[{"href":"https:\/\/metoda-tre.com\/sk\/wp-json\/wp\/v2\/types\/page"}],"author":[{"embeddable":true,"href":"https:\/\/metoda-tre.com\/sk\/wp-json\/wp\/v2\/users\/2"}],"replies":[{"embeddable":true,"href":"https:\/\/metoda-tre.com\/sk\/wp-json\/wp\/v2\/comments?post=32537"}],"version-history":[{"count":6,"href":"https:\/\/metoda-tre.com\/sk\/wp-json\/wp\/v2\/pages\/32537\/revisions"}],"predecessor-version":[{"id":32604,"href":"https:\/\/metoda-tre.com\/sk\/wp-json\/wp\/v2\/pages\/32537\/revisions\/32604"}],"wp:featuredmedia":[{"embeddable":true,"href":"https:\/\/metoda-tre.com\/sk\/wp-json\/wp\/v2\/media\/32540"}],"wp:attachment":[{"href":"https:\/\/metoda-tre.com\/sk\/wp-json\/wp\/v2\/media?parent=32537"}],"curies":[{"name":"wp","href":"https:\/\/api.w.org\/{rel}","templated":true}]}}