{"id":32576,"date":"2024-12-11T13:39:55","date_gmt":"2024-12-11T12:39:55","guid":{"rendered":"https:\/\/tre-slovakia.sk\/?page_id=32576"},"modified":"2026-02-03T15:05:40","modified_gmt":"2026-02-03T14:05:40","slug":"tre-provider","status":"publish","type":"page","link":"https:\/\/metoda-tre.com\/sk\/tre-provider\/","title":{"rendered":"Poskytovate\u013e TRE\u00ae"},"content":{"rendered":"<p><strong>Certifikovan\u00fd poskytovate\u013e TRE\u00ae<\/strong><br>Certifik\u00e1cia TRE\u00ae je <strong>Glob\u00e1lna certifik\u00e1cia poskytovan\u00e1 medzin\u00e1rodnou organiz\u00e1ciou<\/strong> s n\u00e1zvom TRE\u00ae FOR ALL, Inc.. Od ka\u017ed\u00e9ho poskytovate\u013ea sa o\u010dak\u00e1va, \u017ee bude dodr\u017eiava\u0165 z\u00e1kony a predpisy v krajine, v ktorej p\u00f4sob\u00ed.<\/p>\n\n\n\n<p>Certifikovan\u00fd poskytovate\u013e TRE\u00ae <strong>nemus\u00ed ma\u0165 anatomick\u00e9 alebo terapeutick\u00e9 vzdelanie,<\/strong>&nbsp; aby mohli dokon\u010di\u0165 svoju certifik\u00e1ciu. Program \u0161kolenia (kurzu) je navrhnut\u00fd tak, aby nau\u010dil poskytovate\u013ea vies\u0165 a podporova\u0165 \u00fa\u010dastn\u00edkov v individu\u00e1lnom alebo skupinovom prostred\u00ed (<strong><em>max. 8 os\u00f4b<\/em><\/strong>) pri procese uvo\u013e\u0148ovania stresu a nap\u00e4tia, ktor\u00fd m\u00e1 za cie\u013e obnovu prirodzenej rovnov\u00e1hy tela. TRE\u00ae je navrhnut\u00e9 ako zru\u010dnos\u0165, ktor\u00e1 sa po osvojen\u00ed m\u00f4\u017ee pou\u017e\u00edva\u0165 samostatne pod\u013ea potreby po\u010das cel\u00e9ho \u017eivota. V'daka tomu sa neust\u00e1le podporuje a posil\u0148uje osobn\u00e9 zdravie a pohoda.<\/p>\n\n\n\n<p>\u0160kolenie poskytovate\u013eov TRE\u00ae je zaveden\u00e9 vo viac ako 60 krajin\u00e1ch sveta a je podporen\u00e9 rozsiahlym a st\u00e1le prebiehaj\u00facim dlhodob\u00fdm v\u00fdskumom.<\/p>\n\n\n\n<p>T\u00fato webov\u00fa str\u00e1nku budeme aktualizova\u0165 o certifikovan\u00fdch poskytovate\u013eov TRE\u00ae, zatia\u013e v\u0161ak odkazujeme na ofici\u00e1lnu webov\u00fa str\u00e1nku TRE\u00ae FOR ALL, kde maj\u00fa certifikovan\u00ed poskytovatelia TRE\u00ae mo\u017enos\u0165 by\u0165 uveden\u00ed.<\/p>\n\n\n\n<p>Neodpor\u00fa\u010dame u\u010di\u0165 sa TRE\u00ae od \u013eud\u00ed, ktor\u00ed neabsolvovali glob\u00e1lny certifika\u010dn\u00fd program TRE\u00ae.<\/p>\n\n\n\n<div class=\"wp-block-group\"><div class=\"wp-block-group__inner-container is-layout-constrained wp-block-group-is-layout-constrained\">\n<p class=\"has-vivid-cyan-blue-to-vivid-purple-gradient-background has-background\"><strong>POU\u017d\u00cdVAJTE IBA certifikovan\u00fdch poskytovate\u013eov TRE\u00ae alebo certifika\u010dn\u00fdch tr\u00e9nerov uveden\u00fdch v tomto zozname.  Ak v\u00e1\u0161 poskytovate\u013e alebo \u0161kolite\u013e TRE\u00ae nie je uveden\u00fd v tomto zozname, mohlo d\u00f4js\u0165 k jednej z nasleduj\u00facich situ\u00e1ci\u00ed:<\/strong><\/p>\n\n\n\n<ul class=\"wp-block-list\">\n<li><em>T\u00e1to osoba nikdy nedokon\u010dila proces certifik\u00e1cie a nem\u00e1 zru\u010dnosti a kompetencie potrebn\u00e9 pre v\u00fdu\u010dbu TRE\u00ae<\/em><\/li>\n\n\n\n<li><em>Tejto osobe bola certifik\u00e1cia od\u0148at\u00e1, preto\u017ee nevyu\u010dovala TRE\u00ae bezpe\u010dne, kompetentne a pod\u013ea vysok\u00fdch \u0161tandardov spolo\u010dnosti TRE\u00ae FOR ALL, Inc.<\/em><\/li>\n\n\n\n<li><em>T\u00e1to osoba sa rozhodla, \u017ee nebude uveden\u00e1 v zozname <a href=\"http:\/\/www.treglobal.org\">TREglobal.org<\/a> .<\/em><\/li>\n<\/ul>\n\n\n\n<p><strong>T\u00e1to mapa bude \u010doskoro aktualizovan\u00e1 o niektor\u00fdch certifikovan\u00fdch poskytovate\u013eov TRE\u00ae  na Slovensku a v \u010ceskej republike.<\/strong><\/p>\n<\/div><\/div>\n\n\n<div id=\"wpgmza_map_1\" class=\"wpgmza_map wpgmza-auto-center\" style=\"display:block;width:100%;height:400px;overflow:hidden;position:relative;\" data-map-id=\"1\" data-maps-engine=\"leaflet-zerocost\" data-build-engine=\"atlas-novus\" data-shortcode-attributes=\"{&quot;id&quot;:&quot;1&quot;,&quot;zoom&quot;:false,&quot;width&quot;:false,&quot;height&quot;:false,&quot;marker&quot;:false,&quot;classname&quot;:false,&quot;mashup&quot;:false,&quot;mashup_ids&quot;:false,&quot;cat&quot;:false,&quot;type&quot;:&quot;default&quot;,&quot;parent_id&quot;:false,&quot;lat&quot;:false,&quot;lng&quot;:false,&quot;mark_center&quot;:false,&quot;enable_category&quot;:false,&quot;directions_from&quot;:false,&quot;directions_to&quot;:false,&quot;directions_waypoints&quot;:false,&quot;directions_auto&quot;:false,&quot;disable_vgm_form&quot;:false,&quot;redirect_to&quot;:false}\" data-settings=\"{&quot;map_title&quot;:&quot;TRE\\u00ae Providers CZ\\\/SK&quot;,&quot;map_width&quot;:&quot;100&quot;,&quot;map_height&quot;:&quot;400&quot;,&quot;map_start_lat&quot;:&quot;48.2793069&quot;,&quot;map_start_lng&quot;:&quot;17.2595418&quot;,&quot;map_start_location&quot;:&quot;45.950464398418106,-109.81550500000003&quot;,&quot;map_start_zoom&quot;:&quot;9&quot;,&quot;default_marker&quot;:&quot;&quot;,&quot;type&quot;:&quot;0&quot;,&quot;alignment&quot;:&quot;4&quot;,&quot;directions_enabled&quot;:&quot;0&quot;,&quot;styling_enabled&quot;:&quot;0&quot;,&quot;styling_json&quot;:&quot;&quot;,&quot;active&quot;:&quot;0&quot;,&quot;kml&quot;:&quot;&quot;,&quot;bicycle&quot;:&quot;0&quot;,&quot;traffic&quot;:&quot;0&quot;,&quot;dbox&quot;:&quot;1&quot;,&quot;dbox_width&quot;:&quot;&quot;,&quot;listmarkers&quot;:&quot;0&quot;,&quot;listmarkers_advanced&quot;:&quot;0&quot;,&quot;filterbycat&quot;:&quot;0&quot;,&quot;ugm_enabled&quot;:&quot;0&quot;,&quot;ugm_category_enabled&quot;:&quot;0&quot;,&quot;fusion&quot;:&quot;&quot;,&quot;map_width_type&quot;:&quot;%&quot;,&quot;map_height_type&quot;:&quot;px&quot;,&quot;mass_marker_support&quot;:&quot;0&quot;,&quot;ugm_access&quot;:&quot;0&quot;,&quot;order_markers_by&quot;:&quot;1&quot;,&quot;order_markers_choice&quot;:&quot;1&quot;,&quot;show_user_location&quot;:&quot;0&quot;,&quot;default_to&quot;:&quot;&quot;,&quot;map_type&quot;:1,&quot;sl_stroke_color&quot;:&quot;#ffffff&quot;,&quot;sl_fill_color&quot;:&quot;#ffffff&quot;,&quot;sl_stroke_opacity&quot;:&quot;&quot;,&quot;sl_fill_opacity&quot;:&quot;&quot;,&quot;transport_layer&quot;:null,&quot;action&quot;:&quot;wpgmza_save_map&quot;,&quot;redirect_to&quot;:&quot;\\\/wp-admin\\\/admin-post.php&quot;,&quot;map_id&quot;:&quot;1&quot;,&quot;wpgmza_savemap&quot;:&quot;Save Map&quot;,&quot;http_referer&quot;:&quot;\\\/wp-admin\\\/admin.php?page=wp-google-maps-menu&amp;amp;action=edit&amp;amp;map_id=1&quot;,&quot;wpgmza_id&quot;:&quot;1&quot;,&quot;wpgmza_start_location&quot;:&quot;48.2793069,17.2595418&quot;,&quot;wpgmza_start_zoom&quot;:&quot;9&quot;,&quot;wpgmza_map_align&quot;:&quot;2&quot;,&quot;store_locator_enabled&quot;:true,&quot;store_locator_distance&quot;:false,&quot;store_locator_search_area&quot;:&quot;radial&quot;,&quot;wpgmza_store_locator_default_radius&quot;:&quot;25&quot;,&quot;store_locator_auto_area_max_zoom&quot;:&quot;&quot;,&quot;wpgmza_store_locator_radius_style&quot;:&quot;legacy&quot;,&quot;store_locator_component_anchor&quot;:&quot;0&quot;,&quot;store_locator_button_style&quot;:&quot;&quot;,&quot;wpgmza_store_locator_bounce&quot;:false,&quot;wpgmza_sl_animation&quot;:&quot;0&quot;,&quot;store_locator_query_string&quot;:&quot;&quot;,&quot;store_locator_location_placeholder&quot;:&quot;&quot;,&quot;store_locator_default_address&quot;:&quot;&quot;,&quot;store_locator_name_search&quot;:false,&quot;store_locator_name_string&quot;:&quot;&quot;,&quot;store_locator_not_found_message&quot;:&quot;&quot;,&quot;store_locator_show_distance&quot;:false,&quot;store_locator_category&quot;:false,&quot;wpgmza_store_locator_use_their_location&quot;:false,&quot;wpgmza_store_locator_hide_before_search&quot;:false,&quot;store_locator_nearby_searches&quot;:false,&quot;wpgmza_leaflet_tile_filter&quot;:&quot;none&quot;,&quot;wpgmza_theme_data&quot;:&quot;&quot;,&quot;custom_tile_enabled&quot;:false,&quot;custom_tile_image&quot;:&quot;&quot;,&quot;custom_tile_image_width&quot;:&quot;&quot;,&quot;custom_tile_image_height&quot;:&quot;&quot;,&quot;custom_tile_image_attribution&quot;:&quot;&quot;,&quot;iw_anchor_panel_card&quot;:&quot;7&quot;,&quot;iw_primary_color&quot;:&quot;#000000&quot;,&quot;iw_accent_color&quot;:&quot;#000000&quot;,&quot;iw_text_color&quot;:&quot;#000000&quot;,&quot;close_infowindow_on_map_click&quot;:false,&quot;marker_share_links&quot;:false,&quot;wpgmza_listmarkers_by&quot;:&quot;0&quot;,&quot;marker_listing_component_anchor&quot;:&quot;1&quot;,&quot;marker_listing_component_auto_open&quot;:false,&quot;marker_listing_nudge_marker_center&quot;:false,&quot;marker_listing_nudge_x&quot;:&quot;&quot;,&quot;marker_listing_nudge_y&quot;:&quot;&quot;,&quot;category_filter_component_anchor&quot;:&quot;0&quot;,&quot;category_filter_label_string&quot;:&quot;&quot;,&quot;zoom_level_on_marker_listing_override&quot;:false,&quot;zoom_level_on_marker_listing_click&quot;:&quot;&quot;,&quot;marker_listing_disable_zoom&quot;:false,&quot;dataTable_pagination_style&quot;:&quot;default&quot;,&quot;datatable_no_result_message&quot;:&quot;&quot;,&quot;remove_search_box_datables&quot;:false,&quot;datatable_search_string&quot;:&quot;&quot;,&quot;datatable_result_start&quot;:&quot;&quot;,&quot;datatable_result_of&quot;:&quot;&quot;,&quot;datatable_result_to&quot;:&quot;&quot;,&quot;datatable_result_total&quot;:&quot;&quot;,&quot;datatable_result_show&quot;:&quot;&quot;,&quot;datatable_result_entries&quot;:&quot;&quot;,&quot;category_legends_enabled&quot;:false,&quot;category_legends_component_anchor&quot;:&quot;8&quot;,&quot;category_legends_style&quot;:&quot;&quot;,&quot;category_legends_label_string&quot;:&quot;&quot;,&quot;jump_to_nearest_marker_on_initialization&quot;:false,&quot;click_open_link&quot;:false,&quot;wpgmza_zoom_on_marker_click&quot;:false,&quot;wpgmza_zoom_on_marker_click_slider&quot;:&quot;&quot;,&quot;enable_marker_labels&quot;:false,&quot;polygon_labels&quot;:false,&quot;disable_polygon_info_windows&quot;:false,&quot;shape_filtering&quot;:false,&quot;fit_maps_bounds_to_markers&quot;:false,&quot;fit_maps_bounds_to_markers_after_filtering&quot;:false,&quot;restrict_map_bounds&quot;:false,&quot;restrict_boundary_corner_a&quot;:&quot;&quot;,&quot;restrict_boundary_corner_b&quot;:&quot;&quot;,&quot;automatically_pan_to_users_location&quot;:false,&quot;enable_user_location_control&quot;:false,&quot;override_users_location_zoom_level&quot;:false,&quot;override_users_location_zoom_levels&quot;:&quot;&quot;,&quot;show_distance_from_location&quot;:false,&quot;map_starts_in_streetview&quot;:false,&quot;map_starts_in_streetview_location&quot;:&quot;&quot;,&quot;map_starts_in_streetview_heading&quot;:&quot;&quot;,&quot;map_starts_in_streetview_pitch&quot;:&quot;&quot;,&quot;map_max_zoom&quot;:&quot;21&quot;,&quot;map_min_zoom&quot;:&quot;0&quot;,&quot;disable_lightbox_images&quot;:false,&quot;use_Raw_Jpeg_Coordinates&quot;:false,&quot;enable_marker_ratings&quot;:false,&quot;enable_map_reset_control&quot;:false,&quot;zoom_level_mobile_override_enabled&quot;:false,&quot;zoom_level_mobile_override&quot;:&quot;&quot;,&quot;map_dimensions_mobile_override_enabled&quot;:false,&quot;map_mobile_width&quot;:&quot;100&quot;,&quot;map_mobile_width_type&quot;:&quot;%&quot;,&quot;map_mobile_height&quot;:&quot;200&quot;,&quot;map_mobile_height_type&quot;:&quot;px&quot;,&quot;lazyload_info_window_content&quot;:false,&quot;only_load_markers_within_viewport&quot;:false,&quot;upload_default_sl_marker&quot;:&quot;&quot;,&quot;upload_default_sl_marker_retina&quot;:false,&quot;wpgmza_store_locator_restrict&quot;:&quot;&quot;,&quot;directions_box_component_anchor&quot;:&quot;1&quot;,&quot;wpgmza_dbox_width_type&quot;:&quot;%&quot;,&quot;default_from&quot;:&quot;&quot;,&quot;directions_behaviour&quot;:&quot;default&quot;,&quot;force_google_directions_app&quot;:false,&quot;directions_route_origin_icon&quot;:&quot;https:\\\/\\\/metoda-tre.com\\\/wp-content\\\/plugins\\\/wp-google-maps\\\/images\\\/spotlight-poi3.png&quot;,&quot;directions_origin_retina&quot;:false,&quot;directions_route_destination_icon&quot;:&quot;https:\\\/\\\/metoda-tre.com\\\/wp-content\\\/plugins\\\/wp-google-maps\\\/images\\\/spotlight-poi3.png&quot;,&quot;directions_destination_retina&quot;:false,&quot;directions_route_stroke_color&quot;:&quot;#4d8df5&quot;,&quot;directions_route_stroke_weight&quot;:&quot;4&quot;,&quot;directions_route_stroke_opacity&quot;:&quot;0.8&quot;,&quot;directions_fit_bounds_to_route&quot;:false,&quot;upload_default_ul_marker&quot;:&quot;&quot;,&quot;upload_default_ul_marker_retina&quot;:false,&quot;retina&quot;:false,&quot;default_hover_marker&quot;:&quot;&quot;,&quot;default_hover_marker_retina&quot;:false,&quot;default_select_marker&quot;:&quot;&quot;,&quot;default_select_marker_retina&quot;:false,&quot;enable_advanced_custom_fields_integration&quot;:false,&quot;enable_toolset_woocommerce_integration&quot;:false,&quot;enable_woo_product_integration&quot;:false,&quot;enable_post_type_locations_integration&quot;:false,&quot;marker_fields_component_anchor&quot;:&quot;9&quot;,&quot;id&quot;:1}\" >\n<div class='wpgmza-inner-stack top'><div class=\"wpgmza-store-locator\" data-id=\"1\">\r\n\t<div class=\"wpgmza-address-container\">\r\n\t\t<label class=\"wpgmza-address\" data-name=\"addressLabel\" for=\"addressInput_1\">PS\u010c \/ adresa:<\/label>\r\n\t\t<input class=\"wpgmza-address addressInput\" type=\"text\" placeholder=\"Zadajte polohu\" autocomplete=\"off\" data-name=\"defaultAddress\" value=\"\" id=\"addressInput_1\" aria-label=\"PS\u010c \/ adresa:\">\r\n\t<\/div>\r\n\t\r\n\t<div class=\"wpgmza-radius-container\">\r\n\t\t<label class=\"wpgmza-radius\" for=\"radiusSelect_1\">\r\n\t\t\tOkruh:\t\t<\/label>\r\n\t\t<select class=\"wpgmza-radius\" id=\"radiusSelect_1\" aria-label=\"Okruh:\"><option class=\"wpgmza-radius wpgmza_sl_select_option\" value=\"25\" selected>25km<\/option><\/select>\r\n\t<\/div>\r\n\r\n\t<svg width=\"40\" height=\"40\" viewbox=\"0 0 59 59\" fill=\"none\" xmlns=\"http:\/\/www.w3.org\/2000\/svg\" class=\"wpgmza-search wpgmza-aria-bridge\" title=\"Search\" aria-label=\"Search\" role=\"button\" tabindex=\"0\">\r\n\t\t<line x1=\"40.5183\" y1=\"40.5685\" x2=\"53.5685\" y2=\"53.6188\" stroke-width=\"7\" stroke-linecap=\"round\"><\/line>\r\n\t\t<circle cx=\"24.5\" cy=\"24.5\" r=\"21\" stroke-width=\"7\"><\/circle>\r\n\t<\/svg>\r\n\r\n\t<svg width=\"40\" height=\"40\" viewbox=\"0 0 60 60\" fill=\"none\" xmlns=\"http:\/\/www.w3.org\/2000\/svg\" class=\"wpgmza-loading\" role=\"status\">\r\n\t\t<mask id=\"path-1-inside-1\">\r\n\t\t\t<path d=\"M60 30C60 24.1471 58.2879 18.422 55.0747 13.53C51.8614 8.63797 47.2873 4.79275 41.9159 2.46799C36.5445 0.143228 30.6103 -0.55952 24.8445 0.446314C19.0786 1.45215 13.7329 4.12263 9.46589 8.12878L13.8401 12.7879C17.1982 9.6351 21.4051 7.53349 25.9427 6.74192C30.4803 5.95035 35.1503 6.5034 39.3775 8.33293C43.6047 10.1625 47.2044 13.1886 49.7332 17.0385C52.2619 20.8884 53.6093 25.3939 53.6093 30H60Z\"><\/path>\r\n\t\t<\/mask>\r\n\t\t<path d=\"M60 30C60 24.1471 58.2879 18.422 55.0747 13.53C51.8614 8.63797 47.2873 4.79275 41.9159 2.46799C36.5445 0.143228 30.6103 -0.55952 24.8445 0.446314C19.0786 1.45215 13.7329 4.12263 9.46589 8.12878L13.8401 12.7879C17.1982 9.6351 21.4051 7.53349 25.9427 6.74192C30.4803 5.95035 35.1503 6.5034 39.3775 8.33293C43.6047 10.1625 47.2044 13.1886 49.7332 17.0385C52.2619 20.8884 53.6093 25.3939 53.6093 30H60Z\" stroke-width=\"14\" stroke-linecap=\"round\" stroke-linejoin=\"round\" mask=\"url(#path-1-inside-1)\"><\/path>\r\n\t<\/svg>\r\n\r\n\r\n\t<svg width=\"40\" height=\"40\" viewbox=\"0 0 62 62\" fill=\"none\" xmlns=\"http:\/\/www.w3.org\/2000\/svg\" class=\"wpgmza-reset wpgmza-aria-bridge\" title=\"Reset\" aria-label=\"Reset\" role=\"button\" tabindex=\"0\">\r\n\t\t<line x1=\"4.94975\" y1=\"5\" x2=\"56.5685\" y2=\"56.6188\" stroke-width=\"7\" stroke-linecap=\"round\"><\/line>\r\n\t\t<line x1=\"5\" y1=\"56.6188\" x2=\"56.6188\" y2=\"5\" stroke-width=\"7\" stroke-linecap=\"round\"><\/line>\r\n\t<\/svg>\r\n\r\n\r\n\t\r\n\t<div class=\"wpgmza-error\"><\/div>\r\n<\/div><\/div><\/div>\n\n\n\n<p><\/p>","protected":false},"excerpt":{"rendered":"<p>Certifikovan\u00fd poskytovate\u013e TRE\u00aeCertifik\u00e1cia TRE\u00ae je glob\u00e1lna certifik\u00e1cia, ktor\u00fa poskytuje medzin\u00e1rodn\u00e1 organiz\u00e1cia TRE\u00ae FOR ALL, Inc.. Od ka\u017ed\u00e9ho poskytovate\u013ea sa o\u010dak\u00e1va, \u017ee bude dodr\u017eiava\u0165 z\u00e1kony a predpisy v krajine\/ krajin\u00e1ch, v ktor\u00fdch vykon\u00e1va svoju prax. Certifikovan\u00fd poskytovate\u013e TRE\u00ae nemus\u00ed ma\u0165 \u017eiadne anatomick\u00e9 ani terapeutick\u00e9 vzdelanie, aby mohol absolvova\u0165 certifik\u00e1ciu. ... <\/p>","protected":false},"author":2,"featured_media":32529,"parent":0,"menu_order":0,"comment_status":"closed","ping_status":"closed","template":"","meta":{"_themeisle_gutenberg_block_has_review":false,"footnotes":""},"class_list":["post-32576","page","type-page","status-publish","has-post-thumbnail","hentry","grid-sizer","latest_post"],"_links":{"self":[{"href":"https:\/\/metoda-tre.com\/sk\/wp-json\/wp\/v2\/pages\/32576","targetHints":{"allow":["GET"]}}],"collection":[{"href":"https:\/\/metoda-tre.com\/sk\/wp-json\/wp\/v2\/pages"}],"about":[{"href":"https:\/\/metoda-tre.com\/sk\/wp-json\/wp\/v2\/types\/page"}],"author":[{"embeddable":true,"href":"https:\/\/metoda-tre.com\/sk\/wp-json\/wp\/v2\/users\/2"}],"replies":[{"embeddable":true,"href":"https:\/\/metoda-tre.com\/sk\/wp-json\/wp\/v2\/comments?post=32576"}],"version-history":[{"count":8,"href":"https:\/\/metoda-tre.com\/sk\/wp-json\/wp\/v2\/pages\/32576\/revisions"}],"predecessor-version":[{"id":32634,"href":"https:\/\/metoda-tre.com\/sk\/wp-json\/wp\/v2\/pages\/32576\/revisions\/32634"}],"wp:featuredmedia":[{"embeddable":true,"href":"https:\/\/metoda-tre.com\/sk\/wp-json\/wp\/v2\/media\/32529"}],"wp:attachment":[{"href":"https:\/\/metoda-tre.com\/sk\/wp-json\/wp\/v2\/media?parent=32576"}],"curies":[{"name":"wp","href":"https:\/\/api.w.org\/{rel}","templated":true}]}}